{"id":3145,"date":"2016-05-02T11:58:32","date_gmt":"2016-05-02T11:58:32","guid":{"rendered":"https:\/\/okab.local\/okab\/?page_id=3145"},"modified":"2024-10-03T15:28:30","modified_gmt":"2024-10-03T18:28:30","slug":"quiensoy","status":"publish","type":"page","link":"https:\/\/www.veronicalopez.cl\/index.php\/quiensoy\/","title":{"rendered":"\u00bfQUI\u00c9N SOY?"},"content":{"rendered":"<section class=\"wpb-content-wrapper\"><p>[vc_row bg_type=&#8221;&#8221; dima_canvas_style=&#8221;&#8221; translate_x=&#8221;0&#8243; dima_z_index=&#8221;0&#8243; delay=&#8221;&#8221; delay_duration=&#8221;&#8221; delay_offset=&#8221;&#8221; top_and_bottom_padding=&#8221;&#8221; left_and_right_padding=&#8221;&#8221; id=&#8221;&#8221; class=&#8221;&#8221; border_color=&#8221;&#8221; tutorials=&#8221;&#8221; css=&#8221;.vc_custom_1727980000147{padding-top: 100px !important;padding-bottom: 80px !important;}&#8221;][vc_column min_height=&#8221;&#8221; bg_type=&#8221;&#8221; dima_canvas_style=&#8221;&#8221; translate_x=&#8221;0&#8243; dima_z_index=&#8221;0&#8243; delay=&#8221;&#8221; delay_duration=&#8221;&#8221; delay_offset=&#8221;&#8221; top_and_bottom_padding=&#8221;&#8221; left_and_right_padding=&#8221;&#8221; width=&#8221;1\/1&#8243;]<h4 style=\"text-align: center;\"><strong>El ojo detr\u00e1s de la c\u00e1mara<\/strong><\/h4>\n<div  class=\"dima-divider full-divider line-hr\" ><\/div><div  class=\"dima-clear\" style=\"padding-bottom:15px\"><\/div>[vc_row_inner bg_type=&#8221;bg_color&#8221; dima_canvas_style=&#8221;&#8221; translate_x=&#8221;0&#8243; dima_z_index=&#8221;0&#8243; top_and_bottom_padding=&#8221;&#8221; left_and_right_padding=&#8221;&#8221;][vc_column_inner delay=&#8221;&#8221; delay_duration=&#8221;&#8221; delay_offset=&#8221;&#8221; translate_x=&#8221;0&#8243; dima_z_index=&#8221;0&#8243; width=&#8221;1\/2&#8243;]<div data-lightbox=\"gallery\"  class=\"magnific-gallery columns-1\" ><div class=\"column-item overflow-hidden text-center\"><img loading=\"lazy\" decoding=\"async\" width=\"2560\" height=\"1709\"  class=\"dima-img \" src=\"https:\/\/www.veronicalopez.cl\/wp-content\/uploads\/2023\/12\/2017-01-25-LQ2_6043-1-scaled.jpg\"   alt=\"\"><\/div><\/div>[\/vc_column_inner][vc_column_inner delay=&#8221;&#8221; delay_duration=&#8221;&#8221; delay_offset=&#8221;&#8221; translate_x=&#8221;0&#8243; dima_z_index=&#8221;0&#8243; width=&#8221;1\/2&#8243;]<p>Soy la Vero, un alma inquieta con un gran gusto por la fotograf\u00eda, los viajes, la comida rica y el Dise\u00f1o. Mi trayectoria como Dise\u00f1adora Gr\u00e1fica ha sido una traves\u00eda emocionante, explorando diferentes vertientes del dise\u00f1o, desde la creaci\u00f3n de identidades visuales hasta el dise\u00f1o editorial y la publicidad. Mi fascinaci\u00f3n por la fotograf\u00eda me ha llevado a especializarme en capturar momentos especiales en eventos y sesiones familiares, as\u00ed como a adentrarme en el retoque digital para realzar la belleza de cada imagen.<br \/>\nAdem\u00e1s, cuento con experiencia s\u00f3lida en el retoque digital de productos, donde he tenido la oportunidad de potenciar la presentaci\u00f3n visual de diversas l\u00edneas de productos, asegurando su atractivo y calidad. Siempre busco superar mis l\u00edmites y sumergirme en nuevos retos, ya que creo firmemente que cada experiencia es una oportunidad para aprender y crecer en mi pasi\u00f3n por el arte visual.<\/p>\n[\/vc_column_inner][\/vc_row_inner][\/vc_column][\/vc_row]<\/p>\n<\/section>","protected":false},"excerpt":{"rendered":"<p>[vc_row bg_type=&#8221;&#8221; dima_canvas_style=&#8221;&#8221; translate_x=&#8221;0&#8243; dima_z_index=&#8221;0&#8243; delay=&#8221;&#8221; delay_duration=&#8221;&#8221; delay_offset=&#8221;&#8221; top_and_bottom_padding=&#8221;&#8221; left_and_right_padding=&#8221;&#8221; id=&#8221;&#8221; class=&#8221;&#8221; border_color=&#8221;&#8221; tutorials=&#8221;&#8221; css=&#8221;.vc_custom_1727980000147{padding-top: 100px !important;padding-bottom: 80px !important;}&#8221;][vc_column min_height=&#8221;&#8221; bg_type=&#8221;&#8221; dima_canvas_style=&#8221;&#8221; translate_x=&#8221;0&#8243; dima_z_index=&#8221;0&#8243; delay=&#8221;&#8221; delay_duration=&#8221;&#8221; delay_offset=&#8221;&#8221; top_and_bottom_padding=&#8221;&#8221; left_and_right_padding=&#8221;&#8221; width=&#8221;1\/1&#8243;][vc_row_inner bg_type=&#8221;bg_color&#8221; dima_canvas_style=&#8221;&#8221; translate_x=&#8221;0&#8243; dima_z_index=&#8221;0&#8243; top_and_bottom_padding=&#8221;&#8221; left_and_right_padding=&#8221;&#8221;][vc_column_inner delay=&#8221;&#8221; delay_duration=&#8221;&#8221; delay_offset=&#8221;&#8221; translate_x=&#8221;0&#8243; dima_z_index=&#8221;0&#8243; width=&#8221;1\/2&#8243;][\/vc_column_inner][vc_column_inner delay=&#8221;&#8221; delay_duration=&#8221;&#8221; delay_offset=&#8221;&#8221; translate_x=&#8221;0&#8243; dima_z_index=&#8221;0&#8243; width=&#8221;1\/2&#8243;][\/vc_column_inner][\/vc_row_inner][\/vc_column][\/vc_row]<\/p>\n","protected":false},"author":1,"featured_media":6308,"parent":0,"menu_order":0,"comment_status":"closed","ping_status":"closed","template":"","meta":{"footnotes":""},"class_list":["post-3145","page","type-page","status-publish","has-post-thumbnail","hentry"],"_links":{"self":[{"href":"https:\/\/www.veronicalopez.cl\/index.php\/wp-json\/wp\/v2\/pages\/3145","targetHints":{"allow":["GET"]}}],"collection":[{"href":"https:\/\/www.veronicalopez.cl\/index.php\/wp-json\/wp\/v2\/pages"}],"about":[{"href":"https:\/\/www.veronicalopez.cl\/index.php\/wp-json\/wp\/v2\/types\/page"}],"author":[{"embeddable":true,"href":"https:\/\/www.veronicalopez.cl\/index.php\/wp-json\/wp\/v2\/users\/1"}],"replies":[{"embeddable":true,"href":"https:\/\/www.veronicalopez.cl\/index.php\/wp-json\/wp\/v2\/comments?post=3145"}],"version-history":[{"count":20,"href":"https:\/\/www.veronicalopez.cl\/index.php\/wp-json\/wp\/v2\/pages\/3145\/revisions"}],"predecessor-version":[{"id":6654,"href":"https:\/\/www.veronicalopez.cl\/index.php\/wp-json\/wp\/v2\/pages\/3145\/revisions\/6654"}],"wp:featuredmedia":[{"embeddable":true,"href":"https:\/\/www.veronicalopez.cl\/index.php\/wp-json\/wp\/v2\/media\/6308"}],"wp:attachment":[{"href":"https:\/\/www.veronicalopez.cl\/index.php\/wp-json\/wp\/v2\/media?parent=3145"}],"curies":[{"name":"wp","href":"https:\/\/api.w.org\/{rel}","templated":true}]}}