{"id":25,"date":"2016-08-02T10:24:56","date_gmt":"2016-08-02T10:24:56","guid":{"rendered":"http:\/\/okab.pixeldima.com\/okab\/photography\/?page_id=25"},"modified":"2024-09-11T16:11:08","modified_gmt":"2024-09-11T19:11:08","slug":"yo","status":"publish","type":"page","link":"https:\/\/www.veronicalopez.cl\/index.php\/yo\/","title":{"rendered":"Yo"},"content":{"rendered":"<section class=\"wpb-content-wrapper\"><p>[vc_row bg_type=&#8221;&#8221; dima_canvas_style=&#8221;&#8221; translate_x=&#8221;0&#8243; dima_z_index=&#8221;0&#8243; delay=&#8221;&#8221; delay_duration=&#8221;&#8221; delay_offset=&#8221;&#8221; top_and_bottom_padding=&#8221;&#8221; left_and_right_padding=&#8221;&#8221; id=&#8221;&#8221; class=&#8221;&#8221; style=&#8221;&#8221;][vc_column min_height=&#8221;&#8221; bg_type=&#8221;&#8221; dima_canvas_style=&#8221;&#8221; translate_x=&#8221;0&#8243; dima_z_index=&#8221;0&#8243; delay=&#8221;&#8221; delay_duration=&#8221;&#8221; delay_offset=&#8221;&#8221; top_and_bottom_padding=&#8221;&#8221; left_and_right_padding=&#8221;&#8221; width=&#8221;1\/1&#8243;]<h2  class=\"dima-custom-heading text-center\" ><span style=\"color: #ffffff;\">About me<\/span><\/h2><div  class=\"dima-clear\" style=\"padding-bottom:30px\"><\/div><div class=\"column-item overflow-hidden text-start columns-2\"><a data-lightbox=image  class=\"overlay dima-img \"  href=\"https:\/\/www.veronicalopez.cl\/wp-content\/uploads\/2023\/12\/2017-01-25-LQ2_6043-1-scaled.jpg\"   ><img loading=\"lazy\" decoding=\"async\" src=\"https:\/\/www.veronicalopez.cl\/wp-content\/uploads\/2023\/12\/2017-01-25-LQ2_6043-1-scaled.jpg\" alt=\"\" width=\"2560\" height=\"1709\"><\/a><\/div><div  class=\"dima-clear\" style=\"padding-bottom:10px\"><\/div><blockquote  class=\"post-quote text-start\" ><p><\/p>\n<div class=\"info__title--wrapper\">\n<h5 class=\"info__subtitle ca-subtitle-N4zYe2\" style=\"text-align: left;\"><strong>D\u00e9jame contarte mi historia<\/strong><\/h5>\n<\/div>\n<div class=\"info__body--wrapper\">\n<h6 class=\"info__body ca-body-2q35oN\"><\/h6>\n<\/div>\n<p><\/p><\/blockquote><div  class=\"dima-clear\" style=\"padding-bottom:10px\"><\/div><p>Mi nombre es Ver\u00f3nica. Conconina de coraz\u00f3n, llevo la fotograf\u00eda en mi vida desde ni\u00f1a, cuando viajaba por Chile con mis padres y compart\u00edamos una c\u00e1mara de rollo entre hermanos. Lo que empez\u00f3 como un hobby se volvi\u00f3 m\u00e1s serio en la universidad, y al graduarme de Dise\u00f1o Gr\u00e1fico, la fotograf\u00eda se convirti\u00f3 en un complemento natural a mi trabajo de dise\u00f1adora. Hoy me dedico al dise\u00f1o gr\u00e1fico, el retoque digital, la fotograf\u00eda de eventos y lo que m\u00e1s me gusta: la fotograf\u00eda familiar al aire libre.<\/p>\n[\/vc_column][\/vc_row]<\/p>\n<\/section>","protected":false},"excerpt":{"rendered":"<p>[vc_row bg_type=&#8221;&#8221; dima_canvas_style=&#8221;&#8221; translate_x=&#8221;0&#8243; dima_z_index=&#8221;0&#8243; delay=&#8221;&#8221; delay_duration=&#8221;&#8221; delay_offset=&#8221;&#8221; top_and_bottom_padding=&#8221;&#8221; left_and_right_padding=&#8221;&#8221; id=&#8221;&#8221; class=&#8221;&#8221; style=&#8221;&#8221;][vc_column min_height=&#8221;&#8221; bg_type=&#8221;&#8221; dima_canvas_style=&#8221;&#8221; translate_x=&#8221;0&#8243; dima_z_index=&#8221;0&#8243; delay=&#8221;&#8221; delay_duration=&#8221;&#8221; delay_offset=&#8221;&#8221; top_and_bottom_padding=&#8221;&#8221; left_and_right_padding=&#8221;&#8221; width=&#8221;1\/1&#8243;][\/vc_column][\/vc_row]<\/p>\n","protected":false},"author":1,"featured_media":6308,"parent":0,"menu_order":0,"comment_status":"closed","ping_status":"closed","template":"","meta":{"footnotes":""},"class_list":["post-25","page","type-page","status-publish","has-post-thumbnail","hentry"],"_links":{"self":[{"href":"https:\/\/www.veronicalopez.cl\/index.php\/wp-json\/wp\/v2\/pages\/25","targetHints":{"allow":["GET"]}}],"collection":[{"href":"https:\/\/www.veronicalopez.cl\/index.php\/wp-json\/wp\/v2\/pages"}],"about":[{"href":"https:\/\/www.veronicalopez.cl\/index.php\/wp-json\/wp\/v2\/types\/page"}],"author":[{"embeddable":true,"href":"https:\/\/www.veronicalopez.cl\/index.php\/wp-json\/wp\/v2\/users\/1"}],"replies":[{"embeddable":true,"href":"https:\/\/www.veronicalopez.cl\/index.php\/wp-json\/wp\/v2\/comments?post=25"}],"version-history":[{"count":7,"href":"https:\/\/www.veronicalopez.cl\/index.php\/wp-json\/wp\/v2\/pages\/25\/revisions"}],"predecessor-version":[{"id":6435,"href":"https:\/\/www.veronicalopez.cl\/index.php\/wp-json\/wp\/v2\/pages\/25\/revisions\/6435"}],"wp:featuredmedia":[{"embeddable":true,"href":"https:\/\/www.veronicalopez.cl\/index.php\/wp-json\/wp\/v2\/media\/6308"}],"wp:attachment":[{"href":"https:\/\/www.veronicalopez.cl\/index.php\/wp-json\/wp\/v2\/media?parent=25"}],"curies":[{"name":"wp","href":"https:\/\/api.w.org\/{rel}","templated":true}]}}