{"id":1335,"date":"2016-04-07T14:27:47","date_gmt":"2016-04-07T14:27:47","guid":{"rendered":"https:\/\/okab.local\/okab\/?page_id=1335"},"modified":"2024-10-03T15:30:43","modified_gmt":"2024-10-03T18:30:43","slug":"servicios","status":"publish","type":"page","link":"https:\/\/www.veronicalopez.cl\/index.php\/servicios\/","title":{"rendered":"SERVICIOS"},"content":{"rendered":"<section class=\"wpb-content-wrapper\"><p>[vc_row bg_type=&#8221;&#8221; dima_canvas_style=&#8221;&#8221; translate_x=&#8221;0&#8243; dima_z_index=&#8221;0&#8243; delay=&#8221;&#8221; delay_duration=&#8221;&#8221; delay_offset=&#8221;&#8221; top_and_bottom_padding=&#8221;&#8221; left_and_right_padding=&#8221;&#8221; id=&#8221;&#8221; class=&#8221;&#8221; border_color=&#8221;&#8221; css=&#8221;.vc_custom_1727980023049{padding-top: 100px !important;padding-bottom: 80px !important;}&#8221;][vc_column min_height=&#8221;&#8221; bg_type=&#8221;&#8221; dima_canvas_style=&#8221;&#8221; translate_x=&#8221;0&#8243; dima_z_index=&#8221;0&#8243; delay=&#8221;&#8221; delay_duration=&#8221;&#8221; delay_offset=&#8221;&#8221; top_and_bottom_padding=&#8221;&#8221; left_and_right_padding=&#8221;&#8221; width=&#8221;1\/1&#8243; id=&#8221;&#8221; class=&#8221;&#8221; style=&#8221;&#8221; border_color=&#8221;&#8221;]<h4 style=\"text-align: center;\"><strong>T\u00fa elijes qu\u00e9 te gusta m\u00e1s<\/strong><\/h4>\n<div  class=\"dima-divider full-divider line-hr\" ><\/div><div  class=\"dima-clear\" style=\"padding-bottom:15px\"><\/div>[vc_row_inner bg_type=&#8221;&#8221; dima_canvas_style=&#8221;&#8221; translate_x=&#8221;0&#8243; dima_z_index=&#8221;0&#8243; top_and_bottom_padding=&#8221;&#8221; left_and_right_padding=&#8221;&#8221; id=&#8221;&#8221; class=&#8221;&#8221; style=&#8221;&#8221; border_color=&#8221;&#8221;][vc_column_inner animation=&#8221;fadeInUp&#8221; delay=&#8221;600&#8243; delay_duration=&#8221;&#8221; delay_offset=&#8221;&#8221; translate_x=&#8221;0&#8243; dima_z_index=&#8221;0&#8243; width=&#8221;1\/4&#8243; id=&#8221;&#8221; class=&#8221;&#8221; style=&#8221;&#8221; border_color=&#8221;&#8221;]<div  class=\"dima-team\" ><div class=\"dima-team-member\"><div class=\"team-img\"><div class=\"fix-chrome\"><figure><img decoding=\"async\" src=\"https:\/\/www.veronicalopez.cl\/wp-content\/uploads\/2024\/09\/VL-18-06072024-DSC01095-scaled.jpg\" alt=\"Sesiones familiares\"><\/figure><div class=\"post-icon link_overlay\"><ul class=\"icons-media\"><li    ><a href=\"\" data-toggle=\"tooltip\" data-trigger=\"hover\" data-placement=\"bottom\"  target=\"\" title=\"\"><i class=\"fas fa-users\"><\/i><\/a><\/li><\/ul> <span class=\"topaz-hover\" ><\/span ><\/div><\/div><\/div><\/div><div class=\"dima-team-content text-center\" style=\";background-color:#f2f2f2\"><div class=\"member-name\"><h5 style=\";\">Sesiones familiares<\/h5><\/div><p style=\";background-color:#f2f2f2\">Guarda en tus recuerdos una hermosa tarde de juegos. Vuelve a ser ni\u00f1o jugando, saltando y corriendo.<\/p><\/div><\/div>[\/vc_column_inner][vc_column_inner animation=&#8221;fadeInUp&#8221; delay=&#8221;600&#8243; delay_duration=&#8221;&#8221; delay_offset=&#8221;&#8221; translate_x=&#8221;0&#8243; dima_z_index=&#8221;0&#8243; width=&#8221;1\/4&#8243; id=&#8221;&#8221; class=&#8221;&#8221; style=&#8221;&#8221;]<div  class=\"dima-team\" ><div class=\"dima-team-member\"><div class=\"team-img\"><div class=\"fix-chrome\"><figure><img decoding=\"async\" src=\"https:\/\/www.veronicalopez.cl\/wp-content\/uploads\/2024\/09\/VL-5-08092024-DSC00043-scaled.jpg\" alt=\"Sesiones de parejas\"><\/figure><div class=\"post-icon link_overlay\"><ul class=\"icons-media\"><li    ><a href=\"\" data-toggle=\"tooltip\" data-trigger=\"hover\" data-placement=\"bottom\"  target=\"\" title=\"\"><i class=\"fas fa-user-friends\"><\/i><\/a><\/li><\/ul> <span class=\"topaz-hover\" ><\/span ><\/div><\/div><\/div><\/div><div class=\"dima-team-content text-center\" style=\";background-color:#f2f2f2\"><div class=\"member-name\"><h5 style=\";\">Sesiones de parejas<\/h5><\/div><p style=\";background-color:#f2f2f2\">Invita a tu pareja a una tarde de coqueteo. Estar\u00e9 ah\u00ed para captar esas miradas c\u00f3mplices.<\/p><\/div><\/div>[\/vc_column_inner][vc_column_inner animation=&#8221;fadeInUp&#8221; delay=&#8221;800&#8243; delay_duration=&#8221;&#8221; delay_offset=&#8221;&#8221; translate_x=&#8221;0&#8243; dima_z_index=&#8221;0&#8243; width=&#8221;1\/4&#8243; id=&#8221;&#8221; class=&#8221;&#8221; style=&#8221;&#8221;]<div  class=\"dima-team\" ><div class=\"dima-team-member\"><div class=\"team-img\"><div class=\"fix-chrome\"><figure><img decoding=\"async\" src=\"https:\/\/www.veronicalopez.cl\/wp-content\/uploads\/2024\/09\/DSC6377-1-scaled.jpg\" alt=\"Sesiones para embarazadas\"><\/figure><div class=\"post-icon link_overlay\"><ul class=\"icons-media\"><li    ><a href=\"\" data-toggle=\"tooltip\" data-trigger=\"hover\" data-placement=\"bottom\"  target=\"\" title=\"\"><i class=\"fas fa-baby-carriage\"><\/i><\/a><\/li><\/ul> <span class=\"topaz-hover\" ><\/span ><\/div><\/div><\/div><\/div><div class=\"dima-team-content text-center\" style=\";background-color:#f2f2f2\"><div class=\"member-name\"><h5 style=\";\">Sesiones para embarazadas<\/h5><\/div><p style=\";background-color:#f2f2f2\">Guarda un recuerdo de esos meses tan importantes y \u00fanicos. Ser\u00e1 un hermoso regalo para el futuro.<\/p><\/div><\/div>[\/vc_column_inner][vc_column_inner animation=&#8221;fadeInUp&#8221; delay=&#8221;1000&#8243; delay_duration=&#8221;&#8221; delay_offset=&#8221;&#8221; translate_x=&#8221;0&#8243; dima_z_index=&#8221;0&#8243; width=&#8221;1\/4&#8243; id=&#8221;&#8221; class=&#8221;&#8221; style=&#8221;&#8221;]<div  class=\"dima-team\" ><div class=\"dima-team-member\"><div class=\"team-img\"><div class=\"fix-chrome\"><figure><img decoding=\"async\" src=\"https:\/\/www.veronicalopez.cl\/wp-content\/uploads\/2024\/09\/29072023-_DSC3946-scaled.jpg\" alt=\"Registro de eventos\"><\/figure><div class=\"post-icon link_overlay\"><ul class=\"icons-media\"><li    ><a href=\"\" data-toggle=\"tooltip\" data-trigger=\"hover\" data-placement=\"bottom\"  target=\"\" title=\"\"><i class=\"fas fa-birthday-cake\"><\/i><\/a><\/li><\/ul> <span class=\"topaz-hover\" ><\/span ><\/div><\/div><\/div><\/div><div class=\"dima-team-content text-center\" style=\";background-color:#f2f2f2\"><div class=\"member-name\"><h5 style=\";\">Registro de eventos<\/h5><\/div><p style=\";background-color:#f2f2f2\">\u00bfTienes un cumplea\u00f1os y nunca sales en las fotos? No te preocupes, \u00a1yo me encargo por t\u00ed!<\/p><\/div><\/div>[\/vc_column_inner][\/vc_row_inner][\/vc_column][\/vc_row]<\/p>\n<\/section>","protected":false},"excerpt":{"rendered":"<p>[vc_row bg_type=&#8221;&#8221; dima_canvas_style=&#8221;&#8221; translate_x=&#8221;0&#8243; dima_z_index=&#8221;0&#8243; delay=&#8221;&#8221; delay_duration=&#8221;&#8221; delay_offset=&#8221;&#8221; top_and_bottom_padding=&#8221;&#8221; left_and_right_padding=&#8221;&#8221; id=&#8221;&#8221; class=&#8221;&#8221; border_color=&#8221;&#8221; css=&#8221;.vc_custom_1727980023049{padding-top: 100px !important;padding-bottom: 80px !important;}&#8221;][vc_column min_height=&#8221;&#8221; bg_type=&#8221;&#8221; dima_canvas_style=&#8221;&#8221; translate_x=&#8221;0&#8243; dima_z_index=&#8221;0&#8243; delay=&#8221;&#8221; delay_duration=&#8221;&#8221; delay_offset=&#8221;&#8221; top_and_bottom_padding=&#8221;&#8221; left_and_right_padding=&#8221;&#8221; width=&#8221;1\/1&#8243; id=&#8221;&#8221; class=&#8221;&#8221; style=&#8221;&#8221; border_color=&#8221;&#8221;][vc_row_inner bg_type=&#8221;&#8221; dima_canvas_style=&#8221;&#8221; translate_x=&#8221;0&#8243; dima_z_index=&#8221;0&#8243; top_and_bottom_padding=&#8221;&#8221; left_and_right_padding=&#8221;&#8221; id=&#8221;&#8221; class=&#8221;&#8221; style=&#8221;&#8221; border_color=&#8221;&#8221;][vc_column_inner animation=&#8221;fadeInUp&#8221; delay=&#8221;600&#8243; delay_duration=&#8221;&#8221; delay_offset=&#8221;&#8221; translate_x=&#8221;0&#8243; dima_z_index=&#8221;0&#8243; width=&#8221;1\/4&#8243; id=&#8221;&#8221; class=&#8221;&#8221; style=&#8221;&#8221; border_color=&#8221;&#8221;][\/vc_column_inner][vc_column_inner animation=&#8221;fadeInUp&#8221; [&hellip;]<\/p>\n","protected":false},"author":1,"featured_media":0,"parent":0,"menu_order":0,"comment_status":"closed","ping_status":"closed","template":"","meta":{"footnotes":""},"class_list":["post-1335","page","type-page","status-publish","hentry"],"_links":{"self":[{"href":"https:\/\/www.veronicalopez.cl\/index.php\/wp-json\/wp\/v2\/pages\/1335","targetHints":{"allow":["GET"]}}],"collection":[{"href":"https:\/\/www.veronicalopez.cl\/index.php\/wp-json\/wp\/v2\/pages"}],"about":[{"href":"https:\/\/www.veronicalopez.cl\/index.php\/wp-json\/wp\/v2\/types\/page"}],"author":[{"embeddable":true,"href":"https:\/\/www.veronicalopez.cl\/index.php\/wp-json\/wp\/v2\/users\/1"}],"replies":[{"embeddable":true,"href":"https:\/\/www.veronicalopez.cl\/index.php\/wp-json\/wp\/v2\/comments?post=1335"}],"version-history":[{"count":40,"href":"https:\/\/www.veronicalopez.cl\/index.php\/wp-json\/wp\/v2\/pages\/1335\/revisions"}],"predecessor-version":[{"id":6459,"href":"https:\/\/www.veronicalopez.cl\/index.php\/wp-json\/wp\/v2\/pages\/1335\/revisions\/6459"}],"wp:attachment":[{"href":"https:\/\/www.veronicalopez.cl\/index.php\/wp-json\/wp\/v2\/media?parent=1335"}],"curies":[{"name":"wp","href":"https:\/\/api.w.org\/{rel}","templated":true}]}}